{"id":825,"date":"2022-09-19T14:11:48","date_gmt":"2022-09-19T14:11:48","guid":{"rendered":"http:\/\/cercoselectricoszonanorte.com.ar\/cercos\/?page_id=825"},"modified":"2022-09-19T14:13:36","modified_gmt":"2022-09-19T14:13:36","slug":"instalacion-de-cerco-electrico-en-jose-leon-suarez","status":"publish","type":"page","link":"http:\/\/cercoselectricoszonanorte.com.ar\/cercos\/instalaciones\/instalacion-de-cerco-electrico-en-jose-leon-suarez\/","title":{"rendered":"Instalaci\u00f3n de cerco el\u00e9ctrico en Jos\u00e9 Le\u00f3n Su\u00e1rez"},"content":{"rendered":"<p><BR\/><iframe width=\"300\" height=\"200\" src=\"https:\/\/www.youtube.com\/embed\/A5PFIHd6iPk\" title=\"YouTube video player\" frameborder=\"0\" allow=\"accelerometer; autoplay; clipboard-write; encrypted-media; gyroscope; picture-in-picture\" allowfullscreen><\/iframe><br \/>\n<BR\/><BR\/><BR\/><BR\/><BR\/><\/p>\n","protected":false},"excerpt":{"rendered":"","protected":false},"author":2,"featured_media":0,"parent":26,"menu_order":0,"comment_status":"closed","ping_status":"closed","template":"template\/page\/fullwidth.php","meta":{"content-type":"","_joinchat":[],"footnotes":""},"class_list":["post-825","page","type-page","status-publish","hentry"],"aioseo_notices":[],"_links":{"self":[{"href":"http:\/\/cercoselectricoszonanorte.com.ar\/cercos\/wp-json\/wp\/v2\/pages\/825","targetHints":{"allow":["GET"]}}],"collection":[{"href":"http:\/\/cercoselectricoszonanorte.com.ar\/cercos\/wp-json\/wp\/v2\/pages"}],"about":[{"href":"http:\/\/cercoselectricoszonanorte.com.ar\/cercos\/wp-json\/wp\/v2\/types\/page"}],"author":[{"embeddable":true,"href":"http:\/\/cercoselectricoszonanorte.com.ar\/cercos\/wp-json\/wp\/v2\/users\/2"}],"replies":[{"embeddable":true,"href":"http:\/\/cercoselectricoszonanorte.com.ar\/cercos\/wp-json\/wp\/v2\/comments?post=825"}],"version-history":[{"count":3,"href":"http:\/\/cercoselectricoszonanorte.com.ar\/cercos\/wp-json\/wp\/v2\/pages\/825\/revisions"}],"predecessor-version":[{"id":829,"href":"http:\/\/cercoselectricoszonanorte.com.ar\/cercos\/wp-json\/wp\/v2\/pages\/825\/revisions\/829"}],"up":[{"embeddable":true,"href":"http:\/\/cercoselectricoszonanorte.com.ar\/cercos\/wp-json\/wp\/v2\/pages\/26"}],"wp:attachment":[{"href":"http:\/\/cercoselectricoszonanorte.com.ar\/cercos\/wp-json\/wp\/v2\/media?parent=825"}],"curies":[{"name":"wp","href":"https:\/\/api.w.org\/{rel}","templated":true}]}}