{"id":20,"date":"2016-10-11T14:00:35","date_gmt":"2016-10-11T14:00:35","guid":{"rendered":"http:\/\/cercoselectricoszonanorte.com.ar\/cercos\/?page_id=20"},"modified":"2023-09-05T17:58:59","modified_gmt":"2023-09-05T17:58:59","slug":"cerco-electrico","status":"publish","type":"page","link":"https:\/\/cercoselectricoszonanorte.com.ar\/cercos\/cerco-electrico\/","title":{"rendered":"Cercos El\u00e9ctricos"},"content":{"rendered":"<div id='gallery-1' class='gallery galleryid-20 gallery-columns-4 gallery-size-thumbnail'><figure class='gallery-item'>\n\t\t\t<div class='gallery-icon landscape'>\n\t\t\t\t<a href='https:\/\/cercoselectricoszonanorte.com.ar\/cercos\/wp-content\/uploads\/2018\/03\/cerco1.jpg'><img decoding=\"async\" width=\"150\" height=\"150\" src=\"https:\/\/cercoselectricoszonanorte.com.ar\/cercos\/wp-content\/uploads\/2018\/03\/cerco1-150x150.jpg\" class=\"attachment-thumbnail size-thumbnail\" alt=\"\" \/><\/a>\n\t\t\t<\/div><\/figure><figure class='gallery-item'>\n\t\t\t<div class='gallery-icon landscape'>\n\t\t\t\t<a href='https:\/\/cercoselectricoszonanorte.com.ar\/cercos\/wp-content\/uploads\/2018\/03\/cerco2.jpg'><img decoding=\"async\" width=\"150\" height=\"150\" src=\"https:\/\/cercoselectricoszonanorte.com.ar\/cercos\/wp-content\/uploads\/2018\/03\/cerco2-150x150.jpg\" class=\"attachment-thumbnail size-thumbnail\" alt=\"\" \/><\/a>\n\t\t\t<\/div><\/figure><figure class='gallery-item'>\n\t\t\t<div class='gallery-icon landscape'>\n\t\t\t\t<a href='https:\/\/cercoselectricoszonanorte.com.ar\/cercos\/wp-content\/uploads\/2018\/03\/cerco3.jpg'><img decoding=\"async\" width=\"150\" height=\"150\" src=\"https:\/\/cercoselectricoszonanorte.com.ar\/cercos\/wp-content\/uploads\/2018\/03\/cerco3-150x150.jpg\" class=\"attachment-thumbnail size-thumbnail\" alt=\"\" \/><\/a>\n\t\t\t<\/div><\/figure><figure class='gallery-item'>\n\t\t\t<div class='gallery-icon landscape'>\n\t\t\t\t<a href='https:\/\/cercoselectricoszonanorte.com.ar\/cercos\/wp-content\/uploads\/2018\/03\/cerco4.jpg'><img loading=\"lazy\" decoding=\"async\" width=\"150\" height=\"150\" src=\"https:\/\/cercoselectricoszonanorte.com.ar\/cercos\/wp-content\/uploads\/2018\/03\/cerco4-150x150.jpg\" class=\"attachment-thumbnail size-thumbnail\" alt=\"\" \/><\/a>\n\t\t\t<\/div><\/figure><figure class='gallery-item'>\n\t\t\t<div class='gallery-icon landscape'>\n\t\t\t\t<a href='https:\/\/cercoselectricoszonanorte.com.ar\/cercos\/wp-content\/uploads\/2018\/03\/cerco5.jpg'><img loading=\"lazy\" decoding=\"async\" width=\"150\" height=\"150\" src=\"https:\/\/cercoselectricoszonanorte.com.ar\/cercos\/wp-content\/uploads\/2018\/03\/cerco5-150x150.jpg\" class=\"attachment-thumbnail size-thumbnail\" alt=\"\" \/><\/a>\n\t\t\t<\/div><\/figure><figure class='gallery-item'>\n\t\t\t<div class='gallery-icon landscape'>\n\t\t\t\t<a href='https:\/\/cercoselectricoszonanorte.com.ar\/cercos\/wp-content\/uploads\/2018\/03\/cerco6.jpg'><img loading=\"lazy\" decoding=\"async\" width=\"150\" height=\"150\" src=\"https:\/\/cercoselectricoszonanorte.com.ar\/cercos\/wp-content\/uploads\/2018\/03\/cerco6-150x150.jpg\" class=\"attachment-thumbnail size-thumbnail\" alt=\"\" \/><\/a>\n\t\t\t<\/div><\/figure><figure class='gallery-item'>\n\t\t\t<div class='gallery-icon landscape'>\n\t\t\t\t<a href='https:\/\/cercoselectricoszonanorte.com.ar\/cercos\/wp-content\/uploads\/2018\/03\/cerco7.jpg'><img loading=\"lazy\" decoding=\"async\" width=\"150\" height=\"150\" src=\"https:\/\/cercoselectricoszonanorte.com.ar\/cercos\/wp-content\/uploads\/2018\/03\/cerco7-150x150.jpg\" class=\"attachment-thumbnail size-thumbnail\" alt=\"\" \/><\/a>\n\t\t\t<\/div><\/figure><figure class='gallery-item'>\n\t\t\t<div class='gallery-icon landscape'>\n\t\t\t\t<a href='https:\/\/cercoselectricoszonanorte.com.ar\/cercos\/wp-content\/uploads\/2018\/03\/cerco8.jpg'><img loading=\"lazy\" decoding=\"async\" width=\"150\" height=\"150\" src=\"https:\/\/cercoselectricoszonanorte.com.ar\/cercos\/wp-content\/uploads\/2018\/03\/cerco8-150x150.jpg\" class=\"attachment-thumbnail size-thumbnail\" alt=\"\" \/><\/a>\n\t\t\t<\/div><\/figure><figure class='gallery-item'>\n\t\t\t<div class='gallery-icon landscape'>\n\t\t\t\t<a href='https:\/\/cercoselectricoszonanorte.com.ar\/cercos\/wp-content\/uploads\/2018\/03\/cerco9.jpg'><img loading=\"lazy\" decoding=\"async\" width=\"150\" height=\"150\" src=\"https:\/\/cercoselectricoszonanorte.com.ar\/cercos\/wp-content\/uploads\/2018\/03\/cerco9-150x150.jpg\" class=\"attachment-thumbnail size-thumbnail\" alt=\"\" \/><\/a>\n\t\t\t<\/div><\/figure><figure class='gallery-item'>\n\t\t\t<div class='gallery-icon landscape'>\n\t\t\t\t<a href='https:\/\/cercoselectricoszonanorte.com.ar\/cercos\/wp-content\/uploads\/2018\/03\/cerco10.jpg'><img loading=\"lazy\" decoding=\"async\" width=\"150\" height=\"150\" src=\"https:\/\/cercoselectricoszonanorte.com.ar\/cercos\/wp-content\/uploads\/2018\/03\/cerco10-150x150.jpg\" class=\"attachment-thumbnail size-thumbnail\" alt=\"\" \/><\/a>\n\t\t\t<\/div><\/figure><figure class='gallery-item'>\n\t\t\t<div class='gallery-icon landscape'>\n\t\t\t\t<a href='https:\/\/cercoselectricoszonanorte.com.ar\/cercos\/wp-content\/uploads\/2018\/03\/cerco12.jpg'><img loading=\"lazy\" decoding=\"async\" width=\"150\" height=\"150\" src=\"https:\/\/cercoselectricoszonanorte.com.ar\/cercos\/wp-content\/uploads\/2018\/03\/cerco12-150x150.jpg\" class=\"attachment-thumbnail size-thumbnail\" alt=\"\" \/><\/a>\n\t\t\t<\/div><\/figure>\n\t\t<\/div>\n\n<p>Un cerco el\u00e9ctrico est\u00e1 construido a base de alambres tensos que cubren un cierto per\u00edmetro.<br \/>\nA su vez, est\u00e1n conectados a una central de comando que emite pulsos de descargas el\u00e9ctricas con el<br \/>\nfin de impedir ser traspasados.<\/p>\n<p>Un cerco el\u00e9ctrico, tambi\u00e9n conocido como cerca el\u00e9ctrica o valla electrificada, es un sistema de seguridad dise\u00f1ado para proteger per\u00edmetros al generar una descarga el\u00e9ctrica no letal en caso de intento de intrusi\u00f3n o contacto con la cerca.<\/p>\n<p>Aqu\u00ed se describen sus principales caracter\u00edsticas:<\/p>\n<p><strong>\u00bfC\u00f3mo funciona un cerco el\u00e9ctrico?<\/strong><\/p>\n<p>Un cerco el\u00e9ctrico funciona a trav\u00e9s de la electrificaci\u00f3n de alambres o barras conductoras que rodean el per\u00edmetro que se quiere proteger.<br \/>\nCuando alguien intenta tocar o cruzar la cerca el\u00e9ctrica, se cierra un circuito el\u00e9ctrico,\u00a0lo que provoca una descarga el\u00e9ctrica pulsante de alta tensi\u00f3n y baja corriente. Esta descarga es dolorosa pero no letal, y su objetivo es disuadir y detener a posibles intrusos.<\/p>\n<p><strong>Elementos principales de un cerco el\u00e9ctrico:<\/strong><\/p>\n<p>Alambre o Barras Conductoras: Son los componentes que se electrifican y rodean el \u00e1rea a proteger.<br \/>\nEnergizador o Controlador: Genera la energ\u00eda el\u00e9ctrica necesaria para electrificar los alambres o barras conductoras.<br \/>\nBater\u00eda de Respaldo: Suministra energ\u00eda en caso de cortes de energ\u00eda el\u00e9ctrica.<br \/>\nAisladores: Sujetan y a\u00edslan los alambres conductores de los postes de soporte.<br \/>\nPostes de Soporte: Sustentan los alambres o barras conductoras en su lugar.<br \/>\nSirena de Alarma: Activa una alarma sonora en caso de intrusi\u00f3n.<br \/>\nSensores de Impacto: Detectan intentos de corte o manipulaci\u00f3n de la cerca.<br \/>\nPuesta a Tierra: Completa el circuito y asegura que la descarga sea efectiva.<\/p>\n<p><strong>Beneficios de un cerco el\u00e9ctrico:<\/strong><\/p>\n<p>Disuasi\u00f3n Efectiva:<br \/>\nLa amenaza de una descarga el\u00e9ctrica disuade a posibles intrusos y previene intentos de entrada no autorizada.<\/p>\n<p>Protecci\u00f3n Activa:<br \/>\nAct\u00faa como una barrera f\u00edsica activa, deteniendo a los intrusos antes de que ingresen a la propiedad.<\/p>\n<p>Seguridad No Letal:<br \/>\nOfrece una respuesta de seguridad sin causar da\u00f1o grave a las personas.<\/p>\n<p>F\u00e1cil de Mantener:<br \/>\nRequiere un mantenimiento mensual relativamente sencillo para garantizar su funcionamiento adecuado.<\/p>\n<p>Funciona en Condiciones Adversas:<br \/>\nSigue funcionando en condiciones clim\u00e1ticas adversas como lluvia o viento.<\/p>\n<p>Compatibilidad con Otros Sistemas:<br \/>\nPuede integrarse con sistemas de alarma y monitoreo para una protecci\u00f3n m\u00e1s completa.<\/p>\n<p>Personalizaci\u00f3n:<br \/>\nSe puede adaptar a las necesidades espec\u00edficas de cada propiedad.<\/p>\n<p><strong>En resumen, un cerco el\u00e9ctrico es un sistema de seguridad que utiliza una descarga el\u00e9ctrica no letal como medida disuasoria y de protecci\u00f3n perimetral.<\/strong><br \/>\n<strong>Ofrece una protecci\u00f3n efectiva y activa, as\u00ed como la flexibilidad de personalizaci\u00f3n para satisfacer las necesidades de seguridad de diferentes propiedades.<\/strong><\/p>\n<p>Nuestro equipo de trabajo promete una r\u00e1pida y eficiente instalaci\u00f3n de este servicio. Al estar equipados con personal altamente capacitado y herramientas de calidad, ofrecemos un trabajo sumamente comprometido y eficaz. Nuestro trabajo, en este caso, es brindarle una soluci\u00f3n contra las inseguridades del mundo exterior, realizamos instalaciones de cercos perimetrales en CABA y GBA.<\/p>\n<p><a href=\"http:\/\/cercoselectricoszonanorte.com.ar\/cercos\/wp-content\/uploads\/2016\/10\/cercos-1.jpg\"><img loading=\"lazy\" decoding=\"async\" class=\"size-full wp-image-227 aligncenter\" src=\"http:\/\/cercoselectricoszonanorte.com.ar\/cercos\/wp-content\/uploads\/2016\/10\/cercos-1.jpg\" alt=\"\" width=\"700\" height=\"930\" srcset=\"https:\/\/cercoselectricoszonanorte.com.ar\/cercos\/wp-content\/uploads\/2016\/10\/cercos-1.jpg 700w, https:\/\/cercoselectricoszonanorte.com.ar\/cercos\/wp-content\/uploads\/2016\/10\/cercos-1-226x300.jpg 226w\" sizes=\"(max-width: 700px) 100vw, 700px\" \/><\/a><\/p>\n<p>&nbsp;<\/p>\n","protected":false},"excerpt":{"rendered":"<p>Un cerco el\u00e9ctrico est\u00e1 construido a base de alambres tensos que cubren un cierto per\u00edmetro. A su vez, est\u00e1n conectados a una central de comando que emite pulsos de descargas el\u00e9ctricas con el fin de impedir ser traspasados. Un cerco el\u00e9ctrico, tambi\u00e9n conocido como cerca el\u00e9ctrica o valla electrificada, es un sistema de seguridad dise\u00f1ado para proteger per\u00edmetros al generar [&hellip;]<\/p>\n","protected":false},"author":2,"featured_media":306,"parent":0,"menu_order":0,"comment_status":"closed","ping_status":"closed","template":"","meta":{"content-type":"","_joinchat":[],"footnotes":""},"class_list":["post-20","page","type-page","status-publish","has-post-thumbnail","hentry"],"aioseo_notices":[],"_links":{"self":[{"href":"https:\/\/cercoselectricoszonanorte.com.ar\/cercos\/wp-json\/wp\/v2\/pages\/20","targetHints":{"allow":["GET"]}}],"collection":[{"href":"https:\/\/cercoselectricoszonanorte.com.ar\/cercos\/wp-json\/wp\/v2\/pages"}],"about":[{"href":"https:\/\/cercoselectricoszonanorte.com.ar\/cercos\/wp-json\/wp\/v2\/types\/page"}],"author":[{"embeddable":true,"href":"https:\/\/cercoselectricoszonanorte.com.ar\/cercos\/wp-json\/wp\/v2\/users\/2"}],"replies":[{"embeddable":true,"href":"https:\/\/cercoselectricoszonanorte.com.ar\/cercos\/wp-json\/wp\/v2\/comments?post=20"}],"version-history":[{"count":13,"href":"https:\/\/cercoselectricoszonanorte.com.ar\/cercos\/wp-json\/wp\/v2\/pages\/20\/revisions"}],"predecessor-version":[{"id":1302,"href":"https:\/\/cercoselectricoszonanorte.com.ar\/cercos\/wp-json\/wp\/v2\/pages\/20\/revisions\/1302"}],"wp:featuredmedia":[{"embeddable":true,"href":"https:\/\/cercoselectricoszonanorte.com.ar\/cercos\/wp-json\/wp\/v2\/media\/306"}],"wp:attachment":[{"href":"https:\/\/cercoselectricoszonanorte.com.ar\/cercos\/wp-json\/wp\/v2\/media?parent=20"}],"curies":[{"name":"wp","href":"https:\/\/api.w.org\/{rel}","templated":true}]}}